{"id":1277,"date":"2022-06-13T09:44:00","date_gmt":"2022-06-13T09:44:00","guid":{"rendered":"http:\/\/bextspace.com\/?page_id=1277"},"modified":"2023-02-28T13:13:40","modified_gmt":"2023-02-28T12:13:40","slug":"politica-de-privacidad","status":"publish","type":"page","link":"https:\/\/bextspace.com\/en\/politica-de-privacidad\/","title":{"rendered":"Privacy Policy"},"content":{"rendered":"<div data-elementor-type=\"wp-page\" data-elementor-id=\"1277\" class=\"elementor elementor-1277\" data-elementor-post-type=\"page\">\n\t\t\t\t\t\t<section class=\"elementor-section elementor-top-section elementor-element elementor-element-d1f4f52 elementor-section-boxed elementor-section-height-default elementor-section-height-default\" data-id=\"d1f4f52\" data-element_type=\"section\" data-e-type=\"section\" data-settings=\"{&quot;background_background&quot;:&quot;classic&quot;}\">\n\t\t\t\t\t\t<div class=\"elementor-container elementor-column-gap-default\">\n\t\t\t\t\t<div class=\"elementor-column elementor-col-100 elementor-top-column elementor-element elementor-element-d062480\" data-id=\"d062480\" data-element_type=\"column\" data-e-type=\"column\">\n\t\t\t<div class=\"elementor-widget-wrap elementor-element-populated\">\n\t\t\t\t\t\t<div class=\"elementor-element elementor-element-6d0668b elementor-widget elementor-widget-spacer\" data-id=\"6d0668b\" data-element_type=\"widget\" data-e-type=\"widget\" data-widget_type=\"spacer.default\">\n\t\t\t\t<div class=\"elementor-widget-container\">\n\t\t\t\t\t\t\t<div class=\"elementor-spacer\">\n\t\t\t<div class=\"elementor-spacer-inner\"><\/div>\n\t\t<\/div>\n\t\t\t\t\t\t<\/div>\n\t\t\t\t<\/div>\n\t\t\t\t<div class=\"elementor-element elementor-element-2ed22a5 elementor-widget elementor-widget-text-editor\" data-id=\"2ed22a5\" data-element_type=\"widget\" data-e-type=\"widget\" data-widget_type=\"text-editor.default\">\n\t\t\t\t<div class=\"elementor-widget-container\">\n\t\t\t\t\t\t\t\t\t<p>Privacy Policy<\/p>\t\t\t\t\t\t\t\t<\/div>\n\t\t\t\t<\/div>\n\t\t\t\t\t<\/div>\n\t\t<\/div>\n\t\t\t\t\t<\/div>\n\t\t<\/section>\n\t\t\t\t<section class=\"elementor-section elementor-top-section elementor-element elementor-element-edad6e2 elementor-section-boxed elementor-section-height-default elementor-section-height-default\" data-id=\"edad6e2\" data-element_type=\"section\" data-e-type=\"section\">\n\t\t\t\t\t\t<div class=\"elementor-container elementor-column-gap-default\">\n\t\t\t\t\t<div class=\"elementor-column elementor-col-100 elementor-top-column elementor-element elementor-element-1c3e9f5\" data-id=\"1c3e9f5\" data-element_type=\"column\" data-e-type=\"column\">\n\t\t\t<div class=\"elementor-widget-wrap elementor-element-populated\">\n\t\t\t\t\t\t<div class=\"elementor-element elementor-element-4d8a2ec elementor-widget elementor-widget-text-editor\" data-id=\"4d8a2ec\" data-element_type=\"widget\" data-e-type=\"widget\" data-widget_type=\"text-editor.default\">\n\t\t\t\t<div class=\"elementor-widget-container\">\n\t\t\t\t\t\t\t\t\t<p>BEXT SPACE HOLDING, S.L (en adelante, BEXT SPACE), conforme a la legislaci\u00f3n vigente en materia de Protecci\u00f3n de Datos de Car\u00e1cter Personal, pone en conocimiento de los usuarios de la p\u00e1gina web www.bextspace.com (en adelante, la P\u00e1gina) la Pol\u00edtica de Privacidad y Protecci\u00f3n de Datos que aplicar\u00e1 en el tratamiento de los datos personales que el Usuario facilite voluntariamente al acceder a su web.<\/p>\n<p>El Usuario, al proporcionar a BEXT SPACE sus datos de car\u00e1cter personal a trav\u00e9s de los formularios electr\u00f3nicos de la Web, apartado de contacto, newsletter y, en su caso, a trav\u00e9s de la marcaci\u00f3n de la correspondiente casilla de aceptaci\u00f3n, consiente expresamente que BEXT SPACE pueda tratar esos datos en los t\u00e9rminos de esta cl\u00e1usula de Pol\u00edtica de Privacidad y Protecci\u00f3n de Datos y para los fines aqu\u00ed expresados.<\/p>\n<p>BEXT SPACE pone en conocimiento de los usuarios de la P\u00e1gina, que sus datos de car\u00e1cter personal s\u00f3lo podr\u00e1n obtenerse para su tratamiento cuando sean adecuados, pertinentes y no excesivos en relaci\u00f3n con el \u00e1mbito y las finalidades determinadas, expl\u00edcitas y leg\u00edtimas para las que se hayan obtenido. Ser\u00e1n suprimidos cuando hayan dejado de ser necesarios o pertinentes para dicha finalidad o cuando lo solicite el titular en el ejercicio de su derecho de supresi\u00f3n.<\/p>\n<p>BEXT SPACE manifiesta su compromiso de cumplir con la legislaci\u00f3n vigente en cada momento en materia de protecci\u00f3n de datos.<\/p>\n<p>Los datos personales facilitados ser\u00e1n tratados por la Compa\u00f1\u00eda y se utilizar\u00e1n de acuerdo con la siguiente informaci\u00f3n.<\/p>\n<p><strong>&nbsp;<\/strong><\/p>\n<p><strong>\u00bfQu\u00e9 datos de car\u00e1cter personal recabamos y para qu\u00e9 los utilizamos?<\/strong><\/p>\n<ul>\n<li>Datos recabados de manera directa: por la cumplimentaci\u00f3n voluntaria del formulario de contacto, interacci\u00f3n en nuestras Redes sociales, suscripci\u00f3n a Newsletter etc.<\/li>\n<li>Datos recabados de manera indirecta mediante el uso de cookies: para estad\u00edsticas, para analizar el uso que se realiza de nuestra P\u00e1gina etc.<\/li>\n<\/ul>\n<p>En la tabla que le mostramos a continuaci\u00f3n encontrar\u00e1 informaci\u00f3n m\u00e1s detallada sobre el tratamiento de sus datos de car\u00e1cter personal, incluy\u00e9ndose los siguientes ep\u00edgrafes:<\/p>\n<ul>\n<li>Finalidades principales: Se identifica con que finalidad necesitamos recoger sus datos, es decir, porqu\u00e9 tratamos su informaci\u00f3n.<\/li>\n<li>Legitimaci\u00f3n: Se detalla el motivo que nos habilita para poder tratar sus datos.<\/li>\n<li>Plazos de conservaci\u00f3n: Se identifica el plazo concreto de conservaci\u00f3n o los criterios que determinan dicho periodo.<\/li>\n<li>Destinatarios: Identificamos, en su caso, con qui\u00e9n compartiremos sus datos de forma leg\u00edtima.<\/li>\n<li>Derechos de los interesados: Le informamos sobre los derechos que le asisten como interesado en el tratamiento de sus datos de car\u00e1cter personal.<\/li>\n<\/ul>\n<div>&nbsp;<\/div>\n<table width=\"603\">\n<tbody>\n<tr>\n<td colspan=\"2\" width=\"603\">\n<p><strong>INFORMACI\u00d3N SOBRE PROTECCI\u00d3N DE DATOS DE CAR\u00c1CTER PERSONAL<\/strong><\/p>\n<\/td>\n<\/tr>\n<tr>\n<td width=\"111\">\n<p><strong>Responsable del tratamiento<\/strong><\/p>\n<\/td>\n<td width=\"492\">\n<p>Denominaci\u00f3n social: BEXT SPACE HOLDING, S.L (BEXT SPACE).<\/p>\n<p>NIF: B-88380563.<\/p>\n<p>Direcci\u00f3n: Avenida Felipe II, n\u00ba17, 1\u00ba 1, 28009, Madrid.<\/p>\n<p>Email: <a href=\"mailto:info@stonewegliving.com\">benchmarking.<\/a><\/p>\n<\/td>\n<\/tr>\n<tr>\n<td width=\"111\">\n<p><strong>Finalidades<\/strong><\/p>\n<\/td>\n<td width=\"492\">\n<p>\u00b7&nbsp;&nbsp;&nbsp; Formulario \u201cContacto\u201d: atender la solicitud de informaci\u00f3n demandada a trav\u00e9s del formulario.<\/p>\n<p><span style=\"font-size: 0.9em; color: var( --e-global-color-text );\">\u00b7 F<\/span>ormulario \u201cServicios a domicilio\u201d: contactar con empresas para la posible contrataci\u00f3n de servicios adicionales\/accesorios.&nbsp;<\/p>\n<p>\u00b7&nbsp;&nbsp;&nbsp; Suscripci\u00f3n a nuestro bolet\u00edn de noticias (newsletter).<\/p>\n<p>\u00b7&nbsp;&nbsp;&nbsp; Facilitar su interacci\u00f3n con redes sociales.<\/p>\n<p>\u00b7&nbsp;&nbsp;&nbsp; Cookies: proporcionar estad\u00edsticas asociadas al uso de la P\u00e1gina.<\/p>\n<\/td>\n<\/tr>\n<tr>\n<td rowspan=\"3\" width=\"111\">\n<p><strong>Legitimaci\u00f3n y conservaci\u00f3n<\/strong><\/p>\n<\/td>\n<td width=\"492\">\n<p>La base para el tratamiento de los datos es el consentimiento prestado por el usuario al marcar la\/s casilla\/s de aceptaci\u00f3n y\/o facilitar sus datos de contacto.<\/p>\n<\/td>\n<\/tr>\n<tr>\n<td width=\"492\">\n<p>En su caso, los campos del formulario de contacto marcados con un asterisco (*) tienen la consideraci\u00f3n de campos necesarios para gestionar el objeto de \u00e9ste. De no facilitarlos, no ser\u00e1 posible atender su solicitud.<\/p>\n<p>Consulte nuestra <u>Cookie Policy<\/u> para obtener informaci\u00f3n sobre las cookies necesarias para el funcionamiento de la web.<\/p>\n<\/td>\n<\/tr>\n<tr>\n<td width=\"492\">\n<p>\u00b7&nbsp;&nbsp;&nbsp; Los datos asociados al formulario de \u201cContacto\u201d y suscripci\u00f3n a nuestra newsletter se conservar\u00e1n durante el tiempo necesario para atender su consulta y mientras no se solicite su supresi\u00f3n o ejercite su derecho de oposici\u00f3n para el env\u00edo de newsletter.<\/p>\n<p>\u00b7&nbsp;&nbsp;&nbsp; Consulte nuestra <u>Cookie Policy<\/u> para identificar la vigencia de cada cookie.<\/p>\n<\/td>\n<\/tr>\n<tr>\n<td width=\"111\">\n<p>Destinatarios de cesiones y transferencias internacionales<\/p>\n<\/td>\n<td width=\"492\">\n<p>\u00b7&nbsp;&nbsp;&nbsp; No se ceder\u00e1n sus datos a terceros distintos a los proveedores de servicios con los que se tiene suscito el correspondiente contrato de acceso a datos por cuenta de terceros (Contrato de Encargado de Tratamiento). Para m\u00e1s informaci\u00f3n puede enviar un email a <a href=\"mailto:info@bextspace.com\">benchmarking.<\/a><\/p>\n<p>\u00b7&nbsp;&nbsp;&nbsp; Responsables de servicios de anal\u00edtica web y marketing, el uso de las herramientas de los siguientes responsables supone una transferencia internacional de datos a pa\u00edses que carecen de una decisi\u00f3n de adecuaci\u00f3n o de garant\u00edas adecuadas o apropiadas:<\/p>\n<p>&#8211; Youtube y Google Analytics prestados por Google LLC. M\u00e1s informaci\u00f3n en: <a href=\"https:\/\/policies.google.com\/privacy?hl=es\" target=\"_blank\" rel=\"noopener\">https:\/\/policies.google.com\/privacy?hl=es<\/a>.<\/p>\n<p>&#8211; Vimeo.com, Inc. M\u00e1s informaci\u00f3n en: <a href=\"https:\/\/vimeo.com\/privacy\" target=\"_blank\" rel=\"noopener\">Vimeo<\/a>.<\/p>\n<p>&#8211; Facebook prestado por Meta Platforms Ireland Ltd. M\u00e1s informaci\u00f3n en: <a href=\"https:\/\/www.facebook.com\/policy.php\" target=\"_blank\" rel=\"noopener\">Facebook<\/a>.<\/p>\n<p>\u00b7 Titulares de redes sociales: BEXT SPACE utiliza redes sociales. La interacci\u00f3n con los usuarios por el uso de dichos perfiles o herramientas implica la transferencia internacional de datos (de tipo anal\u00edtico y t\u00e9cnico) a los servidores de la red social.<\/p>\n<p><span style=\"font-size: 16.2px;\">\u00b7&nbsp;<\/span>Promoci\u00f3n de servicios adicionales. BEXT SPACE dispone de un gestor de propiedades denominado BASICO, quien promociona servicios adicionales a los inquilinos. Sus datos podr\u00e1n ser cedidos a BASICO en caso de haber dado el consentimiento expreso para ello, con la finalidad de ofrecer a los inquilinos\/usuarios la posibilidad de contratar una serie de servicios accesorios. Para m\u00e1s informaci\u00f3n, consulte https:\/\/basico.es\/en\/politica-de-privacidad-y-redes-sociales\/.<\/p>\n<\/td>\n<\/tr>\n<tr>\n<td rowspan=\"3\" width=\"111\">\n<p>Derechos de los interesados<\/p>\n<\/td>\n<td width=\"492\">\n<p>Puede ejercitar sus derechos de acceso, rectificaci\u00f3n, supresi\u00f3n, portabilidad y la limitaci\u00f3n u oposici\u00f3n dirigi\u00e9ndose a las direcciones anteriormente indicadas.<\/p>\n<\/td>\n<\/tr>\n<tr>\n<td width=\"492\">\n<p>Los interesados tienen derecho a retirar el consentimiento prestado.<\/p>\n<\/td>\n<\/tr>\n<tr>\n<td width=\"492\">\n<p>Los interesados tienen derecho a reclamar ante la Autoridad de Control (Agencia Espa\u00f1ola de Protecci\u00f3n de Datos: <a href=\"http:\/\/www.aepd.es\" target=\"_blank\" rel=\"noopener\">www.aepd.es<\/a>).<\/p>\n<\/td>\n<\/tr>\n<\/tbody>\n<\/table>\n<p>El usuario ser\u00e1 el \u00fanico responsable de la veracidad de los datos facilitados a la Compa\u00f1\u00eda.<\/p>\n<p>Compa\u00f1\u00eda adopta las medidas de \u00edndole t\u00e9cnica y organizativa necesarias para garantizar la seguridad de los datos de car\u00e1cter personal contenidos en los mismos y para evitar su alteraci\u00f3n, p\u00e9rdida, tratamiento o acceso no autorizado, habida cuenta del estado de la tecnolog\u00eda, la naturaleza de los datos y los riesgos a los que est\u00e1n expuestos.<\/p>\n<p>La P\u00e1gina dispone del Certificado SSL (Secure Socket Layer)<em>,<\/em> con la finalidad de garantizar la seguridad en la transmisi\u00f3n de datos entre su navegador y nuestra P\u00e1gina.<\/p>\n<p>El servidor seguro establece una conexi\u00f3n de modo que la informaci\u00f3n se transmite cifrada, que aseguran que solo sea inteligible para el dispositivo del usuario y el de la P\u00e1gina. De este modo, al utilizar el protocolo SSL se garantiza:<\/p>\n<ul>\n<li>Que el usuario est\u00e1 comunicando sus datos al centro servidor de la P\u00e1gina y no a cualquier otro.<\/li>\n<li>Que entre el usuario y la P\u00e1gina los datos se transmiten cifrados, evitando su posible lectura o manipulaci\u00f3n por terceros.<\/li>\n<\/ul>\n<p>Para verificar que se encuentra en un entorno seguro, el Cliente debe revisar que la direcci\u00f3n de la P\u00e1gina de verificaci\u00f3n comience por https:\/\/<\/p>\n<p>Tambi\u00e9n puede identificar la P\u00e1gina como segura cuando aparezca el icono de un candado en la barra de direcci\u00f3n de su navegador.<\/p>\n<p>Por \u00faltimo, tambi\u00e9n puede verificar la presencia del certificado SSL comprobando las propiedades de la P\u00e1gina en su navegador, para lo cual deber\u00e1 consultar las caracter\u00edsticas del mismo.<\/p>\n<p>Cualquier cambio realizado en la Pol\u00edtica de Privacidad y en las pr\u00e1cticas de administraci\u00f3n de la informaci\u00f3n se reflejar\u00e1 de forma oportuna, pudiendo la Compa\u00f1\u00eda agregar, modificar o eliminar dicha pol\u00edtica de privacidad cuando lo estime necesario.<\/p>\n<p>En ning\u00fan caso, la Compa\u00f1\u00eda modificar\u00e1 las pol\u00edticas ni pr\u00e1cticas para hacerlas menos eficaces en la protecci\u00f3n de los datos personales de nuestros clientes almacenados anteriormente, sin el consentimiento previo de los clientes afectados.<\/p>\n<p><em>&nbsp;<\/em><\/p>\n<p><i>\u00daltima actualizaci\u00f3n: 28 de febrero de 2023<\/i><br><\/p>\t\t\t\t\t\t\t\t<\/div>\n\t\t\t\t<\/div>\n\t\t\t\t\t<\/div>\n\t\t<\/div>\n\t\t\t\t\t<\/div>\n\t\t<\/section>\n\t\t\t\t<section class=\"elementor-section elementor-top-section elementor-element elementor-element-8463cff elementor-section-boxed elementor-section-height-default elementor-section-height-default\" data-id=\"8463cff\" data-element_type=\"section\" data-e-type=\"section\">\n\t\t\t\t\t\t<div class=\"elementor-container elementor-column-gap-default\">\n\t\t\t\t\t<div class=\"elementor-column elementor-col-100 elementor-top-column elementor-element elementor-element-a87d4d1\" data-id=\"a87d4d1\" data-element_type=\"column\" data-e-type=\"column\">\n\t\t\t<div class=\"elementor-widget-wrap elementor-element-populated\">\n\t\t\t\t\t\t<div class=\"elementor-element elementor-element-9016417 elementor-widget elementor-widget-spacer\" data-id=\"9016417\" data-element_type=\"widget\" data-e-type=\"widget\" data-widget_type=\"spacer.default\">\n\t\t\t\t<div class=\"elementor-widget-container\">\n\t\t\t\t\t\t\t<div class=\"elementor-spacer\">\n\t\t\t<div class=\"elementor-spacer-inner\"><\/div>\n\t\t<\/div>\n\t\t\t\t\t\t<\/div>\n\t\t\t\t<\/div>\n\t\t\t\t\t<\/div>\n\t\t<\/div>\n\t\t\t\t\t<\/div>\n\t\t<\/section>\n\t\t\t\t<\/div>","protected":false},"excerpt":{"rendered":"<p>Pol\u00edtica de Privacidad BEXT SPACE HOLDING, S.L (en adelante, BEXT SPACE), conforme a la legislaci\u00f3n vigente en materia de Protecci\u00f3n de Datos de Car\u00e1cter Personal, pone en conocimiento de los usuarios de la p\u00e1gina web www.bextspace.com (en adelante, la P\u00e1gina) la Pol\u00edtica de Privacidad y Protecci\u00f3n de Datos que aplicar\u00e1 en el tratamiento de los [&hellip;]<\/p>\n","protected":false},"author":1,"featured_media":0,"parent":0,"menu_order":0,"comment_status":"closed","ping_status":"closed","template":"elementor_header_footer","meta":{"footnotes":""},"class_list":["post-1277","page","type-page","status-publish","hentry"],"_links":{"self":[{"href":"https:\/\/bextspace.com\/en\/wp-json\/wp\/v2\/pages\/1277","targetHints":{"allow":["GET"]}}],"collection":[{"href":"https:\/\/bextspace.com\/en\/wp-json\/wp\/v2\/pages"}],"about":[{"href":"https:\/\/bextspace.com\/en\/wp-json\/wp\/v2\/types\/page"}],"author":[{"embeddable":true,"href":"https:\/\/bextspace.com\/en\/wp-json\/wp\/v2\/users\/1"}],"replies":[{"embeddable":true,"href":"https:\/\/bextspace.com\/en\/wp-json\/wp\/v2\/comments?post=1277"}],"version-history":[{"count":0,"href":"https:\/\/bextspace.com\/en\/wp-json\/wp\/v2\/pages\/1277\/revisions"}],"wp:attachment":[{"href":"https:\/\/bextspace.com\/en\/wp-json\/wp\/v2\/media?parent=1277"}],"curies":[{"name":"wp","href":"https:\/\/api.w.org\/{rel}","templated":true}]}}